{"id":20451,"date":"2025-07-30T15:31:39","date_gmt":"2025-07-30T15:31:39","guid":{"rendered":"https:\/\/zarescup.com\/politica-de-privacidade\/"},"modified":"2025-07-30T16:37:48","modified_gmt":"2025-07-30T16:37:48","slug":"politica-de-privacidade","status":"publish","type":"page","link":"https:\/\/zarescup.com\/es\/politica-de-privacidade\/","title":{"rendered":"Pol\u00edtica de Privacidad"},"content":{"rendered":"\t\t<div data-elementor-type=\"wp-page\" data-elementor-id=\"20451\" class=\"elementor elementor-20451 elementor-20411\">\n\t\t\t\t<div class=\"wd-negative-gap elementor-element elementor-element-086bc73 e-flex e-con-boxed e-con e-parent\" data-id=\"086bc73\" data-element_type=\"container\">\n\t\t\t\t\t<div class=\"e-con-inner\">\n\t\t\t\t<div class=\"elementor-element elementor-element-19141ea color-scheme-inherit text-left elementor-widget elementor-widget-text-editor\" data-id=\"19141ea\" data-element_type=\"widget\" data-widget_type=\"text-editor.default\">\n\t\t\t\t<div class=\"elementor-widget-container\">\n\t\t\t\t\t\t\t\t\t<p data-start=\"131\" data-end=\"390\">Se pretende dar a conocer a los usuarios del sitio web zarescup.com las normas generales de tratamiento de datos personales, los cuales son recogidos y tratados en estricto respeto y cumplimiento de la legislaci\u00f3n vigente sobre protecci\u00f3n de datos personales.<\/p><p data-start=\"392\" data-end=\"690\">Estamos comprometidos con la protecci\u00f3n y confidencialidad de los datos personales, habiendo adoptado las medidas que consideramos adecuadas para asegurar la exactitud, integridad y confidencialidad de los datos personales, as\u00ed como todos los dem\u00e1s derechos que asisten a los respectivos titulares.<\/p><p data-start=\"692\" data-end=\"771\">Esta declaraci\u00f3n de privacidad fue actualizada por \u00faltima vez en julio de 2025.<\/p><p data-start=\"773\" data-end=\"934\">En esta declaraci\u00f3n de privacidad, explicamos qu\u00e9 hacemos con los datos que obtenemos a trav\u00e9s de este sitio web. Recomendamos leer atentamente esta declaraci\u00f3n.<\/p><h4 data-start=\"936\" data-end=\"995\">Cumplimos los requisitos de la legislaci\u00f3n de privacidad:<\/h4><ul data-start=\"996\" data-end=\"1634\"><li data-start=\"996\" data-end=\"1125\"><p data-start=\"998\" data-end=\"1125\">Declaramos las finalidades para las cuales procesamos datos personales. Hacemos esto mediante esta declaraci\u00f3n de privacidad;<\/p><\/li><li data-start=\"1126\" data-end=\"1225\"><p data-start=\"1128\" data-end=\"1225\">Pretendemos limitar la recogida de datos personales solo a los necesarios para fines leg\u00edtimos;<\/p><\/li><li data-start=\"1226\" data-end=\"1366\"><p data-start=\"1228\" data-end=\"1366\">Solicitamos en primer lugar su consentimiento expl\u00edcito para procesar sus datos personales en los casos que requieren su consentimiento;<\/p><\/li><li data-start=\"1367\" data-end=\"1534\"><p data-start=\"1369\" data-end=\"1534\">Tomamos medidas de seguridad adecuadas para proteger sus datos personales y tambi\u00e9n exigimos lo mismo a las partes que procesan datos personales en nuestro nombre;<\/p><\/li><li data-start=\"1535\" data-end=\"1634\"><p data-start=\"1537\" data-end=\"1634\">Respetamos su derecho a acceder a sus datos personales, corregirlos o eliminarlos a su solicitud.<\/p><\/li><\/ul><p data-start=\"1636\" data-end=\"1841\">Si tiene alguna duda o desea saber exactamente qu\u00e9 datos mantenemos sobre usted, p\u00f3ngase en contacto con nosotros a trav\u00e9s del correo electr\u00f3nico indicado en el \u00faltimo punto de esta Pol\u00edtica de Privacidad.<\/p><hr data-start=\"1843\" data-end=\"1846\" \/><h4 data-start=\"1848\" data-end=\"1872\"><strong data-start=\"1848\" data-end=\"1872\">Principios Generales<\/strong><\/h4><p data-start=\"1874\" data-end=\"1935\">Nos comprometemos a asegurar que los datos personales sean:<\/p><ul data-start=\"1936\" data-end=\"2540\"><li data-start=\"1936\" data-end=\"2164\"><p data-start=\"1938\" data-end=\"2164\">Objeto de un tratamiento l\u00edcito, leal y transparente respecto a los titulares de los datos, recogidos para fines determinados, expl\u00edcitos y leg\u00edtimos, no siendo tratados posteriormente de forma incompatible con dichos fines;<\/p><\/li><li data-start=\"2165\" data-end=\"2316\"><p data-start=\"2167\" data-end=\"2316\">Conservados de forma que permitan la identificaci\u00f3n de los titulares solo durante el per\u00edodo necesario para los fines para los cuales son tratados;<\/p><\/li><li data-start=\"2317\" data-end=\"2540\"><p data-start=\"2319\" data-end=\"2540\">Tratados de manera que garanticen su seguridad, incluyendo la protecci\u00f3n contra tratamiento no autorizado o ilegal y contra p\u00e9rdida, destrucci\u00f3n o da\u00f1o imprevisto, adoptando las medidas t\u00e9cnicas u organizativas adecuadas.<\/p><\/li><\/ul><hr data-start=\"2542\" data-end=\"2545\" \/><h4 data-start=\"2547\" data-end=\"2595\"><strong data-start=\"2547\" data-end=\"2595\">Objetivos de la Recogida de Datos Personales<\/strong><\/h4><p data-start=\"2597\" data-end=\"2794\">Podemos recoger o recibir informaci\u00f3n personal para diversos fines relacionados con nuestras operaciones comerciales, que pueden incluir el contacto v\u00eda tel\u00e9fono, correo, email y\/o formularios web.<\/p><p data-start=\"2796\" data-end=\"2887\">Usamos los siguientes datos: Nombre, Sitio web, Direcci\u00f3n, N\u00famero Fiscal, Email y Tel\u00e9fono.<\/p><p data-start=\"2889\" data-end=\"2928\">La base para procesar estos datos es:<\/p><ul data-start=\"2929\" data-end=\"3401\"><li data-start=\"2929\" data-end=\"3041\"><p data-start=\"2931\" data-end=\"3041\">Para cumplir una obligaci\u00f3n legal o contractual, por ejemplo, cuando le prestamos uno de nuestros servicios;<\/p><\/li><li data-start=\"3042\" data-end=\"3141\"><p data-start=\"3044\" data-end=\"3141\">Para proporcionarle nuestros servicios de newsletter, solo cuando lo solicite (nombre y email);<\/p><\/li><li data-start=\"3142\" data-end=\"3401\"><p data-start=\"3144\" data-end=\"3401\">Cuando se utiliza el formulario de contacto, los datos recogidos tienen como \u00fanico objetivo responder a la informaci\u00f3n solicitada por el cliente, gesti\u00f3n de sus solicitudes y control de calidad de los servicios prestados (nombre, email, n\u00famero de contacto).<\/p><\/li><\/ul><hr data-start=\"3403\" data-end=\"3406\" \/><h4 data-start=\"3408\" data-end=\"3457\"><strong data-start=\"3408\" data-end=\"3457\">Plazo de conservaci\u00f3n de los Datos Personales<\/strong><\/h4><p data-start=\"3459\" data-end=\"3729\">Conservamos los Datos Personales solo durante el per\u00edodo necesario para la ejecuci\u00f3n de los fines espec\u00edficos para los cuales fueron recogidos. Sin embargo, podemos estar obligados a almacenar algunos Datos Personales por un per\u00edodo mayor, considerando factores legales.<\/p><p data-start=\"3731\" data-end=\"3939\">Durante el per\u00edodo de Tratamiento de los Datos Personales, garantizamos que se traten conforme a esta Pol\u00edtica de Privacidad. Una vez que los datos ya no sean necesarios, procederemos a su eliminaci\u00f3n segura.<\/p><p data-start=\"3941\" data-end=\"4106\">Respecto al consentimiento, la retirada del consentimiento no invalida el tratamiento realizado hasta esa fecha con base en el consentimiento otorgado anteriormente.<\/p><hr data-start=\"4108\" data-end=\"4111\" \/><h4 data-start=\"4113\" data-end=\"4129\"><strong data-start=\"4113\" data-end=\"4129\">Sus Derechos<\/strong><\/h4><p data-start=\"4131\" data-end=\"4155\">Usted tiene derecho a:<\/p><ul data-start=\"4156\" data-end=\"4348\"><li data-start=\"4156\" data-end=\"4174\"><p data-start=\"4158\" data-end=\"4174\">Ser informado;<\/p><\/li><li data-start=\"4175\" data-end=\"4227\"><p data-start=\"4177\" data-end=\"4227\">Acceder, rectificar, limitar y borrar sus datos;<\/p><\/li><li data-start=\"4228\" data-end=\"4261\"><p data-start=\"4230\" data-end=\"4261\">La portabilidad de los datos;<\/p><\/li><li data-start=\"4262\" data-end=\"4290\"><p data-start=\"4264\" data-end=\"4290\">Oponerse al tratamiento;<\/p><\/li><li data-start=\"4291\" data-end=\"4348\"><p data-start=\"4293\" data-end=\"4348\">Presentar reclamaci\u00f3n ante las autoridades competentes.<\/p><\/li><\/ul><hr data-start=\"4350\" data-end=\"4353\" \/><h4 data-start=\"4355\" data-end=\"4383\"><strong data-start=\"4355\" data-end=\"4383\">Pr\u00e1cticas de Divulgaci\u00f3n<\/strong><\/h4><p data-start=\"4385\" data-end=\"4438\">Informamos sobre nuestras pr\u00e1cticas de divulgaci\u00f3n:<\/p><ul data-start=\"4439\" data-end=\"4955\"><li data-start=\"4439\" data-end=\"4525\"><p data-start=\"4441\" data-end=\"4525\">Divulgamos informaci\u00f3n personal si estamos obligados por ley o por orden judicial;<\/p><\/li><li data-start=\"4526\" data-end=\"4755\"><p data-start=\"4528\" data-end=\"4755\">Si nuestro sitio o empresa es adquirido, vendido o est\u00e1 involucrado en una fusi\u00f3n o adquisici\u00f3n, sus datos podr\u00e1n ser divulgados a nuestros consultores y a posibles compradores, y ser\u00e1n transferidos a los nuevos propietarios;<\/p><\/li><li data-start=\"4756\" data-end=\"4883\"><p data-start=\"4758\" data-end=\"4883\">Existe un Acuerdo de Procesamiento de Datos con Google, pero Google no puede usar los datos para otros servicios de Google;<\/p><\/li><li data-start=\"4884\" data-end=\"4955\"><p data-start=\"4886\" data-end=\"4955\">La inclusi\u00f3n de direcciones IP completas est\u00e1 bloqueada por nosotros.<\/p><\/li><\/ul><hr data-start=\"4957\" data-end=\"4960\" \/><h4 data-start=\"4962\" data-end=\"4975\"><strong data-start=\"4962\" data-end=\"4975\">Seguridad<\/strong><\/h4><p data-start=\"4977\" data-end=\"5151\">Estamos comprometidos con la seguridad de los datos personales. Tomamos medidas de seguridad adecuadas para limitar el abuso y el acceso no autorizado a los datos personales.<\/p><hr data-start=\"5153\" data-end=\"5156\" \/><h4 data-start=\"5158\" data-end=\"5180\"><strong data-start=\"5158\" data-end=\"5180\">Sitios de terceros<\/strong><\/h4><p data-start=\"5182\" data-end=\"5467\">Esta declaraci\u00f3n de privacidad no se aplica a sitios de terceros vinculados por enlaces en nuestro sitio. No podemos garantizar que dichos terceros manejen sus datos personales de manera confiable o segura. Recomendamos leer las pol\u00edticas de privacidad de esos sitios antes de usarlos.<\/p><hr data-start=\"5469\" data-end=\"5472\" \/><h4 data-start=\"5474\" data-end=\"5519\"><strong data-start=\"5474\" data-end=\"5519\">Cambios en esta Declaraci\u00f3n de Privacidad<\/strong><\/h4><p data-start=\"5521\" data-end=\"5751\">Nos reservamos el derecho de hacer cambios a esta declaraci\u00f3n de privacidad. Se recomienda revisar esta declaraci\u00f3n regularmente para estar al tanto de cualquier cambio. Adem\u00e1s, le informaremos activamente siempre que sea posible.<\/p><hr data-start=\"5753\" data-end=\"5756\" \/><h4 data-start=\"5758\" data-end=\"5769\"><strong data-start=\"5758\" data-end=\"5769\">Cookies<\/strong><\/h4><p data-start=\"5771\" data-end=\"5875\">Nuestro sitio utiliza cookies. Para m\u00e1s informaci\u00f3n sobre cookies, consulte nuestra <a href=\"https:\/\/zarescup.com\/es\/politica-de-cookies\/\">Pol\u00edtica de Cookies.<\/a><\/p><hr data-start=\"5877\" data-end=\"5880\" \/><h4 data-start=\"5882\" data-end=\"5906\"><strong data-start=\"5882\" data-end=\"5906\">Detalles de Contacto<\/strong><\/h4><p data-start=\"5908\" data-end=\"6145\">Nombre: Zares Portugal \u2013 Const. C\u00edvil &amp; Servicios en General, Lda.<br data-start=\"5974\" data-end=\"5977\" \/>NIF: 514575573<br data-start=\"5991\" data-end=\"5994\" \/>Direcci\u00f3n: Rua Carvalho Freirinha no 67<br data-start=\"6033\" data-end=\"6036\" \/>Almada<br data-start=\"6042\" data-end=\"6045\" \/>2800-676 Almada<br data-start=\"6060\" data-end=\"6063\" \/>Portugal<br data-start=\"6071\" data-end=\"6074\" \/>Sitio web: <a class=\"\" href=\"https:\/\/zarescup.com\" target=\"_new\" rel=\"noopener\" data-start=\"6085\" data-end=\"6105\">https:\/\/zarescup.com<\/a><br data-start=\"6105\" data-end=\"6108\" \/>Correo electr\u00f3nico: <a class=\"cursor-pointer\" rel=\"noopener\" data-start=\"6128\" data-end=\"6145\">info@zarescup.com<\/a><\/p>\t\t\t\t\t\t\t\t<\/div>\n\t\t\t\t<\/div>\n\t\t\t\t\t<\/div>\n\t\t\t\t<\/div>\n\t\t\t\t<\/div>\n\t\t","protected":false},"excerpt":{"rendered":"<p>Se pretende dar a conocer a los usuarios del sitio web zarescup.com las normas generales de tratamiento de datos personales,<\/p>\n","protected":false},"author":1,"featured_media":0,"parent":0,"menu_order":0,"comment_status":"closed","ping_status":"closed","template":"","meta":{"_joinchat":[],"footnotes":""},"class_list":["post-20451","page","type-page","status-publish","hentry"],"yoast_head":"<!-- This site is optimized with the Yoast SEO plugin v25.6 - https:\/\/yoast.com\/wordpress\/plugins\/seo\/ -->\n<title>Pol\u00edtica de Privacidad - Zares Cup<\/title>\n<meta name=\"description\" content=\"Dedicated to taking the simple to the next level, we believe in the potential of every human being, especially when they practice the most beautiful sport in the world.We don&#039;t just bring you a quality event, we also allow you to dream big, no matter your background, culture, religion, or color. We care about your passion for soccer, your thirst to overcome any obstacle, and your ambition to be the best.\" \/>\n<meta name=\"robots\" content=\"index, follow, max-snippet:-1, max-image-preview:large, max-video-preview:-1\" \/>\n<link rel=\"canonical\" href=\"https:\/\/zarescup.com\/es\/politica-de-privacidade\/\" \/>\n<meta property=\"og:locale\" content=\"es_ES\" \/>\n<meta property=\"og:type\" content=\"article\" \/>\n<meta property=\"og:title\" content=\"Pol\u00edtica de Privacidad - Zares Cup\" \/>\n<meta property=\"og:description\" content=\"Dedicated to taking the simple to the next level, we believe in the potential of every human being, especially when they practice the most beautiful sport in the world.We don&#039;t just bring you a quality event, we also allow you to dream big, no matter your background, culture, religion, or color. We care about your passion for soccer, your thirst to overcome any obstacle, and your ambition to be the best.\" \/>\n<meta property=\"og:url\" content=\"https:\/\/zarescup.com\/es\/politica-de-privacidade\/\" \/>\n<meta property=\"og:site_name\" content=\"Zares Cup\" \/>\n<meta property=\"article:modified_time\" content=\"2025-07-30T16:37:48+00:00\" \/>\n<meta name=\"twitter:card\" content=\"summary_large_image\" \/>\n<meta name=\"twitter:label1\" content=\"Tiempo de lectura\" \/>\n\t<meta name=\"twitter:data1\" content=\"4 minutos\" \/>\n<script type=\"application\/ld+json\" class=\"yoast-schema-graph\">{\"@context\":\"https:\/\/schema.org\",\"@graph\":[{\"@type\":\"WebPage\",\"@id\":\"https:\/\/zarescup.com\/es\/politica-de-privacidade\/\",\"url\":\"https:\/\/zarescup.com\/es\/politica-de-privacidade\/\",\"name\":\"Pol\u00edtica de Privacidad - Zares Cup\",\"isPartOf\":{\"@id\":\"https:\/\/zarescup.com\/#website\"},\"datePublished\":\"2025-07-30T15:31:39+00:00\",\"dateModified\":\"2025-07-30T16:37:48+00:00\",\"description\":\"Dedicated to taking the simple to the next level, we believe in the potential of every human being, especially when they practice the most beautiful sport in the world.We don't just bring you a quality event, we also allow you to dream big, no matter your background, culture, religion, or color. We care about your passion for soccer, your thirst to overcome any obstacle, and your ambition to be the best.\",\"breadcrumb\":{\"@id\":\"https:\/\/zarescup.com\/es\/politica-de-privacidade\/#breadcrumb\"},\"inLanguage\":\"es\",\"potentialAction\":[{\"@type\":\"ReadAction\",\"target\":[\"https:\/\/zarescup.com\/es\/politica-de-privacidade\/\"]}]},{\"@type\":\"BreadcrumbList\",\"@id\":\"https:\/\/zarescup.com\/es\/politica-de-privacidade\/#breadcrumb\",\"itemListElement\":[{\"@type\":\"ListItem\",\"position\":1,\"name\":\"Home\",\"item\":\"https:\/\/zarescup.com\/es\/\"},{\"@type\":\"ListItem\",\"position\":2,\"name\":\"Pol\u00edtica de Privacidad\"}]},{\"@type\":\"WebSite\",\"@id\":\"https:\/\/zarescup.com\/#website\",\"url\":\"https:\/\/zarescup.com\/\",\"name\":\"Zares Cup\",\"description\":\"WE ARE The Zar of the GAME\",\"potentialAction\":[{\"@type\":\"SearchAction\",\"target\":{\"@type\":\"EntryPoint\",\"urlTemplate\":\"https:\/\/zarescup.com\/?s={search_term_string}\"},\"query-input\":{\"@type\":\"PropertyValueSpecification\",\"valueRequired\":true,\"valueName\":\"search_term_string\"}}],\"inLanguage\":\"es\"}]}<\/script>\n<!-- \/ Yoast SEO plugin. -->","yoast_head_json":{"title":"Pol\u00edtica de Privacidad - Zares Cup","description":"Dedicated to taking the simple to the next level, we believe in the potential of every human being, especially when they practice the most beautiful sport in the world.We don't just bring you a quality event, we also allow you to dream big, no matter your background, culture, religion, or color. We care about your passion for soccer, your thirst to overcome any obstacle, and your ambition to be the best.","robots":{"index":"index","follow":"follow","max-snippet":"max-snippet:-1","max-image-preview":"max-image-preview:large","max-video-preview":"max-video-preview:-1"},"canonical":"https:\/\/zarescup.com\/es\/politica-de-privacidade\/","og_locale":"es_ES","og_type":"article","og_title":"Pol\u00edtica de Privacidad - Zares Cup","og_description":"Dedicated to taking the simple to the next level, we believe in the potential of every human being, especially when they practice the most beautiful sport in the world.We don't just bring you a quality event, we also allow you to dream big, no matter your background, culture, religion, or color. We care about your passion for soccer, your thirst to overcome any obstacle, and your ambition to be the best.","og_url":"https:\/\/zarescup.com\/es\/politica-de-privacidade\/","og_site_name":"Zares Cup","article_modified_time":"2025-07-30T16:37:48+00:00","twitter_card":"summary_large_image","twitter_misc":{"Tiempo de lectura":"4 minutos"},"schema":{"@context":"https:\/\/schema.org","@graph":[{"@type":"WebPage","@id":"https:\/\/zarescup.com\/es\/politica-de-privacidade\/","url":"https:\/\/zarescup.com\/es\/politica-de-privacidade\/","name":"Pol\u00edtica de Privacidad - Zares Cup","isPartOf":{"@id":"https:\/\/zarescup.com\/#website"},"datePublished":"2025-07-30T15:31:39+00:00","dateModified":"2025-07-30T16:37:48+00:00","description":"Dedicated to taking the simple to the next level, we believe in the potential of every human being, especially when they practice the most beautiful sport in the world.We don't just bring you a quality event, we also allow you to dream big, no matter your background, culture, religion, or color. We care about your passion for soccer, your thirst to overcome any obstacle, and your ambition to be the best.","breadcrumb":{"@id":"https:\/\/zarescup.com\/es\/politica-de-privacidade\/#breadcrumb"},"inLanguage":"es","potentialAction":[{"@type":"ReadAction","target":["https:\/\/zarescup.com\/es\/politica-de-privacidade\/"]}]},{"@type":"BreadcrumbList","@id":"https:\/\/zarescup.com\/es\/politica-de-privacidade\/#breadcrumb","itemListElement":[{"@type":"ListItem","position":1,"name":"Home","item":"https:\/\/zarescup.com\/es\/"},{"@type":"ListItem","position":2,"name":"Pol\u00edtica de Privacidad"}]},{"@type":"WebSite","@id":"https:\/\/zarescup.com\/#website","url":"https:\/\/zarescup.com\/","name":"Zares Cup","description":"WE ARE The Zar of the GAME","potentialAction":[{"@type":"SearchAction","target":{"@type":"EntryPoint","urlTemplate":"https:\/\/zarescup.com\/?s={search_term_string}"},"query-input":{"@type":"PropertyValueSpecification","valueRequired":true,"valueName":"search_term_string"}}],"inLanguage":"es"}]}},"_links":{"self":[{"href":"https:\/\/zarescup.com\/es\/wp-json\/wp\/v2\/pages\/20451","targetHints":{"allow":["GET"]}}],"collection":[{"href":"https:\/\/zarescup.com\/es\/wp-json\/wp\/v2\/pages"}],"about":[{"href":"https:\/\/zarescup.com\/es\/wp-json\/wp\/v2\/types\/page"}],"author":[{"embeddable":true,"href":"https:\/\/zarescup.com\/es\/wp-json\/wp\/v2\/users\/1"}],"replies":[{"embeddable":true,"href":"https:\/\/zarescup.com\/es\/wp-json\/wp\/v2\/comments?post=20451"}],"version-history":[{"count":13,"href":"https:\/\/zarescup.com\/es\/wp-json\/wp\/v2\/pages\/20451\/revisions"}],"predecessor-version":[{"id":20506,"href":"https:\/\/zarescup.com\/es\/wp-json\/wp\/v2\/pages\/20451\/revisions\/20506"}],"wp:attachment":[{"href":"https:\/\/zarescup.com\/es\/wp-json\/wp\/v2\/media?parent=20451"}],"curies":[{"name":"wp","href":"https:\/\/api.w.org\/{rel}","templated":true}]}}