{"id":20445,"date":"2025-07-30T15:38:17","date_gmt":"2025-07-30T15:38:17","guid":{"rendered":"https:\/\/zarescup.com\/politica-de-cookies\/"},"modified":"2025-07-30T16:28:09","modified_gmt":"2025-07-30T16:28:09","slug":"politica-de-cookies","status":"publish","type":"page","link":"https:\/\/zarescup.com\/es\/politica-de-cookies\/","title":{"rendered":"Politica de cookies"},"content":{"rendered":"\t\t<div data-elementor-type=\"wp-page\" data-elementor-id=\"20445\" class=\"elementor elementor-20445 elementor-20416\">\n\t\t\t\t<div class=\"wd-negative-gap elementor-element elementor-element-086bc73 e-flex e-con-boxed e-con e-parent\" data-id=\"086bc73\" data-element_type=\"container\">\n\t\t\t\t\t<div class=\"e-con-inner\">\n\t\t\t\t<div class=\"elementor-element elementor-element-19141ea color-scheme-inherit text-left elementor-widget elementor-widget-text-editor\" data-id=\"19141ea\" data-element_type=\"widget\" data-widget_type=\"text-editor.default\">\n\t\t\t\t<div class=\"elementor-widget-container\">\n\t\t\t\t\t\t\t\t\t<p data-start=\"125\" data-end=\"441\">Esta Pol\u00edtica de Cookies fue actualizada por \u00faltima vez en julio de 2025 y se aplica al sitio web <a class=\"\" href=\"https:\/\/zarescup.com\/\" target=\"_new\" rel=\"noopener\" data-start=\"223\" data-end=\"244\">https:\/\/zarescup.com\/<\/a> (en adelante denominado \u201cel sitio\u201d), que utiliza cookies y otras tecnolog\u00edas relacionadas (por conveniencia, todas las tecnolog\u00edas se denominan \u201ccookies\u201d), insertadas por terceros que contratamos.<\/p><p data-start=\"443\" data-end=\"511\">A continuaci\u00f3n, informamos sobre el uso de cookies en nuestro sitio.<\/p><h4 data-start=\"513\" data-end=\"584\"><strong data-start=\"513\" data-end=\"584\">Informaci\u00f3n sobre los conceptos incluidos en la Pol\u00edtica de Cookies<\/strong><\/h4><ul data-start=\"586\" data-end=\"1317\"><li data-start=\"586\" data-end=\"911\"><p data-start=\"588\" data-end=\"911\"><strong data-start=\"588\" data-end=\"600\">Cookies:<\/strong> es un peque\u00f1o archivo simple que se env\u00eda junto con las p\u00e1ginas de este sitio y se almacena en su navegador en el disco duro de su computadora u otro dispositivo. La informaci\u00f3n almacenada puede ser enviada de vuelta a nuestros servidores o a los servidores de terceros relevantes durante una visita posterior.<\/p><\/li><li data-start=\"913\" data-end=\"1110\"><p data-start=\"915\" data-end=\"1110\"><strong data-start=\"915\" data-end=\"927\">Scripts:<\/strong> es una parte del c\u00f3digo del programa utilizado para hacer que nuestro sitio funcione correctamente e interactivamente. Este c\u00f3digo se ejecuta en nuestro servidor o en su dispositivo.<\/p><\/li><li data-start=\"1112\" data-end=\"1317\"><p data-start=\"1114\" data-end=\"1317\"><strong data-start=\"1114\" data-end=\"1141\">Web beacon (tag pixel):<\/strong> un peque\u00f1o texto invisible o imagen en un sitio web que se usa para monitorear el tr\u00e1fico en un sitio. Para ello, se almacenan varios datos sobre usted utilizando web beacons.<\/p><\/li><\/ul><h4 data-start=\"1319\" data-end=\"1339\"><strong data-start=\"1319\" data-end=\"1339\">Tipos de Cookies<\/strong><\/h4><ul data-start=\"1341\" data-end=\"2247\"><li data-start=\"1341\" data-end=\"1735\"><p data-start=\"1343\" data-end=\"1735\"><strong data-start=\"1343\" data-end=\"1391\">Cookies Necesarias (t\u00e9cnicas o funcionales):<\/strong> garantizan que ciertas partes del sitio funcionen correctamente y que sus preferencias de usuario permanezcan conocidas. Al insertar cookies funcionales, facilitamos la visita a nuestro sitio. De esta forma, no necesita ingresar repetidamente la misma informaci\u00f3n al visitar nuestro sitio. Podemos insertar estas cookies sin su consentimiento.<\/p><\/li><li data-start=\"1737\" data-end=\"1928\"><p data-start=\"1739\" data-end=\"1928\"><strong data-start=\"1739\" data-end=\"1762\">Cookies anal\u00edticas:<\/strong> se utilizan para optimizar la experiencia del sitio, obteniendo informaci\u00f3n sobre el uso de nuestro sitio. Solicitamos su permiso para insertar este tipo de cookies.<\/p><\/li><li data-start=\"1930\" data-end=\"2247\"><p data-start=\"1932\" data-end=\"2247\"><strong data-start=\"1932\" data-end=\"1971\">Cookies de preferencia y marketing:<\/strong> son cookies o cualquier otra forma de almacenamiento local, usados para crear perfiles de usuario para mostrar publicidad o para rastrear al usuario en este sitio o en varios sitios para fines similares de marketing. Solicitamos su permiso para insertar este tipo de cookies.<\/p><\/li><\/ul><h4 data-start=\"2249\" data-end=\"2267\"><strong data-start=\"2249\" data-end=\"2267\">Redes sociales<\/strong><\/h4><p data-start=\"2269\" data-end=\"2695\">Podemos incluir en el sitio contenido de Facebook, Instagram y\/o WhatsApp para promover p\u00e1ginas web (por ejemplo, \u201cme gusta\u201d, \u201cpin\u201d) o compartir (por ejemplo, \u201ctwittear\u201d) en redes sociales como Facebook, Instagram y WhatsApp. Este contenido est\u00e1 incorporado con c\u00f3digo derivado de Facebook, Instagram y WhatsApp y coloca cookies. Este contenido puede almacenar y procesar determinada informaci\u00f3n para publicidad personalizada.<\/p><p data-start=\"2697\" data-end=\"3006\">Por favor, lea la declaraci\u00f3n de privacidad de estas redes sociales (que pueden cambiar regularmente) para saber qu\u00e9 hacen con sus datos (personales) que procesan usando estas cookies. Los datos recuperados se anonimizan tanto como sea posible. Facebook, Instagram y WhatsApp est\u00e1n ubicados en Estados Unidos.<\/p><h4 data-start=\"3008\" data-end=\"3026\"><strong data-start=\"3008\" data-end=\"3026\">Consentimiento<\/strong><\/h4><p data-start=\"3028\" data-end=\"3471\">Cuando visite nuestro sitio por primera vez, mostramos una ventana para autorizar el tipo de cookies que utilizamos en el sitio. Una vez que haga clic en \u201cGuardar preferencias\u201d, nos autoriza a usar las categor\u00edas de cookies y plugins seleccionados en la ventana, seg\u00fan se describe en esta Pol\u00edtica de Cookies. Puede desactivar el uso de cookies a trav\u00e9s de su navegador, pero tenga en cuenta que nuestro sitio puede no funcionar correctamente.<\/p><h4 data-start=\"3473\" data-end=\"3536\"><strong data-start=\"3473\" data-end=\"3536\">Pol\u00edtica de Privacidad y Protecci\u00f3n de sus datos personales<\/strong><\/h4><p data-start=\"3538\" data-end=\"3594\">Consulte en el sitio web nuestra <a href=\"https:\/\/zarescup.com\/es\/politica-de-privacidade\/\">pol\u00edtica de privacidad<\/a>.<\/p><h4 data-start=\"3596\" data-end=\"3620\"><strong data-start=\"3596\" data-end=\"3620\">Detalles de contacto<\/strong><\/h4><p data-start=\"3622\" data-end=\"3784\">Para preguntas y\/o comentarios sobre nuestra Pol\u00edtica de Cookies y esta declaraci\u00f3n, p\u00f3ngase en contacto con nosotros utilizando los siguientes datos de contacto:<\/p><p data-start=\"3786\" data-end=\"4023\">Nombre: Zares Portugal \u2013 Const. C\u00edvil &amp; Servicios en General, Lda.<br data-start=\"3852\" data-end=\"3855\" \/>NIF: 514575573<br data-start=\"3869\" data-end=\"3872\" \/>Direcci\u00f3n: Rua Carvalho Freirinha no 67<br data-start=\"3911\" data-end=\"3914\" \/>Almada<br data-start=\"3920\" data-end=\"3923\" \/>2800-676 Almada<br data-start=\"3938\" data-end=\"3941\" \/>Portugal<br data-start=\"3949\" data-end=\"3952\" \/>Sitio web: <a class=\"\" href=\"https:\/\/zarescup.com\" target=\"_new\" rel=\"noopener\" data-start=\"3963\" data-end=\"3983\">https:\/\/zarescup.com<\/a><br data-start=\"3983\" data-end=\"3986\" \/>Correo electr\u00f3nico: <a class=\"cursor-pointer\" rel=\"noopener\" data-start=\"4006\" data-end=\"4023\">info@zarescup.com<\/a><\/p>\t\t\t\t\t\t\t\t<\/div>\n\t\t\t\t<\/div>\n\t\t\t\t\t<\/div>\n\t\t\t\t<\/div>\n\t\t\t\t<\/div>\n\t\t","protected":false},"excerpt":{"rendered":"<p>Esta Pol\u00edtica de Cookies fue actualizada por \u00faltima vez en julio de 2025 y se aplica al sitio web https:\/\/zarescup.com\/<\/p>\n","protected":false},"author":1,"featured_media":0,"parent":0,"menu_order":0,"comment_status":"closed","ping_status":"closed","template":"","meta":{"_joinchat":[],"footnotes":""},"class_list":["post-20445","page","type-page","status-publish","hentry"],"yoast_head":"<!-- This site is optimized with the Yoast SEO plugin v25.6 - https:\/\/yoast.com\/wordpress\/plugins\/seo\/ -->\n<title>Politica de cookies - Zares Cup<\/title>\n<meta name=\"description\" content=\"Dedicated to taking the simple to the next level, we believe in the potential of every human being, especially when they practice the most beautiful sport in the world.We don&#039;t just bring you a quality event, we also allow you to dream big, no matter your background, culture, religion, or color. We care about your passion for soccer, your thirst to overcome any obstacle, and your ambition to be the best.\" \/>\n<meta name=\"robots\" content=\"index, follow, max-snippet:-1, max-image-preview:large, max-video-preview:-1\" \/>\n<link rel=\"canonical\" href=\"https:\/\/zarescup.com\/es\/politica-de-cookies\/\" \/>\n<meta property=\"og:locale\" content=\"es_ES\" \/>\n<meta property=\"og:type\" content=\"article\" \/>\n<meta property=\"og:title\" content=\"Politica de cookies - Zares Cup\" \/>\n<meta property=\"og:description\" content=\"Dedicated to taking the simple to the next level, we believe in the potential of every human being, especially when they practice the most beautiful sport in the world.We don&#039;t just bring you a quality event, we also allow you to dream big, no matter your background, culture, religion, or color. We care about your passion for soccer, your thirst to overcome any obstacle, and your ambition to be the best.\" \/>\n<meta property=\"og:url\" content=\"https:\/\/zarescup.com\/es\/politica-de-cookies\/\" \/>\n<meta property=\"og:site_name\" content=\"Zares Cup\" \/>\n<meta property=\"article:modified_time\" content=\"2025-07-30T16:28:09+00:00\" \/>\n<meta name=\"twitter:card\" content=\"summary_large_image\" \/>\n<meta name=\"twitter:label1\" content=\"Tiempo de lectura\" \/>\n\t<meta name=\"twitter:data1\" content=\"3 minutos\" \/>\n<script type=\"application\/ld+json\" class=\"yoast-schema-graph\">{\"@context\":\"https:\/\/schema.org\",\"@graph\":[{\"@type\":\"WebPage\",\"@id\":\"https:\/\/zarescup.com\/es\/politica-de-cookies\/\",\"url\":\"https:\/\/zarescup.com\/es\/politica-de-cookies\/\",\"name\":\"Politica de cookies - Zares Cup\",\"isPartOf\":{\"@id\":\"https:\/\/zarescup.com\/#website\"},\"datePublished\":\"2025-07-30T15:38:17+00:00\",\"dateModified\":\"2025-07-30T16:28:09+00:00\",\"description\":\"Dedicated to taking the simple to the next level, we believe in the potential of every human being, especially when they practice the most beautiful sport in the world.We don't just bring you a quality event, we also allow you to dream big, no matter your background, culture, religion, or color. We care about your passion for soccer, your thirst to overcome any obstacle, and your ambition to be the best.\",\"breadcrumb\":{\"@id\":\"https:\/\/zarescup.com\/es\/politica-de-cookies\/#breadcrumb\"},\"inLanguage\":\"es\",\"potentialAction\":[{\"@type\":\"ReadAction\",\"target\":[\"https:\/\/zarescup.com\/es\/politica-de-cookies\/\"]}]},{\"@type\":\"BreadcrumbList\",\"@id\":\"https:\/\/zarescup.com\/es\/politica-de-cookies\/#breadcrumb\",\"itemListElement\":[{\"@type\":\"ListItem\",\"position\":1,\"name\":\"Home\",\"item\":\"https:\/\/zarescup.com\/es\/\"},{\"@type\":\"ListItem\",\"position\":2,\"name\":\"Politica de cookies\"}]},{\"@type\":\"WebSite\",\"@id\":\"https:\/\/zarescup.com\/#website\",\"url\":\"https:\/\/zarescup.com\/\",\"name\":\"Zares Cup\",\"description\":\"WE ARE The Zar of the GAME\",\"potentialAction\":[{\"@type\":\"SearchAction\",\"target\":{\"@type\":\"EntryPoint\",\"urlTemplate\":\"https:\/\/zarescup.com\/?s={search_term_string}\"},\"query-input\":{\"@type\":\"PropertyValueSpecification\",\"valueRequired\":true,\"valueName\":\"search_term_string\"}}],\"inLanguage\":\"es\"}]}<\/script>\n<!-- \/ Yoast SEO plugin. -->","yoast_head_json":{"title":"Politica de cookies - Zares Cup","description":"Dedicated to taking the simple to the next level, we believe in the potential of every human being, especially when they practice the most beautiful sport in the world.We don't just bring you a quality event, we also allow you to dream big, no matter your background, culture, religion, or color. We care about your passion for soccer, your thirst to overcome any obstacle, and your ambition to be the best.","robots":{"index":"index","follow":"follow","max-snippet":"max-snippet:-1","max-image-preview":"max-image-preview:large","max-video-preview":"max-video-preview:-1"},"canonical":"https:\/\/zarescup.com\/es\/politica-de-cookies\/","og_locale":"es_ES","og_type":"article","og_title":"Politica de cookies - Zares Cup","og_description":"Dedicated to taking the simple to the next level, we believe in the potential of every human being, especially when they practice the most beautiful sport in the world.We don't just bring you a quality event, we also allow you to dream big, no matter your background, culture, religion, or color. We care about your passion for soccer, your thirst to overcome any obstacle, and your ambition to be the best.","og_url":"https:\/\/zarescup.com\/es\/politica-de-cookies\/","og_site_name":"Zares Cup","article_modified_time":"2025-07-30T16:28:09+00:00","twitter_card":"summary_large_image","twitter_misc":{"Tiempo de lectura":"3 minutos"},"schema":{"@context":"https:\/\/schema.org","@graph":[{"@type":"WebPage","@id":"https:\/\/zarescup.com\/es\/politica-de-cookies\/","url":"https:\/\/zarescup.com\/es\/politica-de-cookies\/","name":"Politica de cookies - Zares Cup","isPartOf":{"@id":"https:\/\/zarescup.com\/#website"},"datePublished":"2025-07-30T15:38:17+00:00","dateModified":"2025-07-30T16:28:09+00:00","description":"Dedicated to taking the simple to the next level, we believe in the potential of every human being, especially when they practice the most beautiful sport in the world.We don't just bring you a quality event, we also allow you to dream big, no matter your background, culture, religion, or color. We care about your passion for soccer, your thirst to overcome any obstacle, and your ambition to be the best.","breadcrumb":{"@id":"https:\/\/zarescup.com\/es\/politica-de-cookies\/#breadcrumb"},"inLanguage":"es","potentialAction":[{"@type":"ReadAction","target":["https:\/\/zarescup.com\/es\/politica-de-cookies\/"]}]},{"@type":"BreadcrumbList","@id":"https:\/\/zarescup.com\/es\/politica-de-cookies\/#breadcrumb","itemListElement":[{"@type":"ListItem","position":1,"name":"Home","item":"https:\/\/zarescup.com\/es\/"},{"@type":"ListItem","position":2,"name":"Politica de cookies"}]},{"@type":"WebSite","@id":"https:\/\/zarescup.com\/#website","url":"https:\/\/zarescup.com\/","name":"Zares Cup","description":"WE ARE The Zar of the GAME","potentialAction":[{"@type":"SearchAction","target":{"@type":"EntryPoint","urlTemplate":"https:\/\/zarescup.com\/?s={search_term_string}"},"query-input":{"@type":"PropertyValueSpecification","valueRequired":true,"valueName":"search_term_string"}}],"inLanguage":"es"}]}},"_links":{"self":[{"href":"https:\/\/zarescup.com\/es\/wp-json\/wp\/v2\/pages\/20445","targetHints":{"allow":["GET"]}}],"collection":[{"href":"https:\/\/zarescup.com\/es\/wp-json\/wp\/v2\/pages"}],"about":[{"href":"https:\/\/zarescup.com\/es\/wp-json\/wp\/v2\/types\/page"}],"author":[{"embeddable":true,"href":"https:\/\/zarescup.com\/es\/wp-json\/wp\/v2\/users\/1"}],"replies":[{"embeddable":true,"href":"https:\/\/zarescup.com\/es\/wp-json\/wp\/v2\/comments?post=20445"}],"version-history":[{"count":5,"href":"https:\/\/zarescup.com\/es\/wp-json\/wp\/v2\/pages\/20445\/revisions"}],"predecessor-version":[{"id":20498,"href":"https:\/\/zarescup.com\/es\/wp-json\/wp\/v2\/pages\/20445\/revisions\/20498"}],"wp:attachment":[{"href":"https:\/\/zarescup.com\/es\/wp-json\/wp\/v2\/media?parent=20445"}],"curies":[{"name":"wp","href":"https:\/\/api.w.org\/{rel}","templated":true}]}}